{"id":4869,"date":"2018-06-25T15:22:39","date_gmt":"2018-06-25T13:22:39","guid":{"rendered":"http:\/\/185.105.208.46\/~artefumetto\/bozza\/?page_id=4869"},"modified":"2020-02-14T09:59:09","modified_gmt":"2020-02-14T08:59:09","slug":"chi-siamo","status":"publish","type":"page","link":"https:\/\/www.artefumetto.it\/en\/chi-siamo\/","title":{"rendered":"About Us"},"content":{"rendered":"<p>La passione ci guida e ci ha fatto fare un lungo viaggio.<br \/>\nUn viaggio che dai grandi maestri del passato arriva alla &#8216;Pop Art&#8217;, arte popolare appunto,<br \/>\ndi cui il fumetto e le illustrazioni sono una importante espressione, riprodotta in migliaia di copie attraverso la stampa.<br \/>\nNon tutti sanno che all&#8217;origine di quella pagina di fumetto o di quella illustrazione che vediamo pubblicata, c&#8217;\u00e8 un pezzo unico,<br \/>\nun disegno rigorosamente fatto a mano dal fumettista o dall&#8217; illustratore.<br \/>\nSolo in tempi molto recenti&nbsp; le tavole originali&nbsp; e le illustrazioni da semplici &#8216;materiali editoriali&#8217; (che non di rado finivano al macero),<br \/>\nsono diventate oggetto di collezionismo, riconosciute come opere d&#8217;arte e molti di quegli autori considerati finalmente veri e grandi artisti.<br \/>\nAbbiamo raccolto per anni questi materiali, li abbiamo archiviati con amore, li abbiamo studiati con dedizione, contribuendo anche<br \/>\nalle ricerche storiografiche e alle pubblicazioni che negli ultimi tempi hanno fatto riscoprire&nbsp; il fumetto sexy italiano degli anni &#8217;60\/&#8217;80.<br \/>\nNel 2013 nel pieno della crisi economica, abbiamo pensato di mettere le nostre raccolte a disposizione del mercato e di farne un lavoro.<br \/>\nCos\u00ec \u00e8 nata questa galleria, che via via abbiamo reso pi\u00f9 bella, pi\u00f9 ricca, pi\u00f9 completa, grazie a notevoli investimenti e ai tanti clienti<br \/>\nche ci hanno accordato la loro fiducia.<br \/>\nArte + Fumetto = Artefumetto&nbsp; e come logo un omino che guarda con stupore le sue dita trasformate in matite.<br \/>\nA noi, che il nostro piccolo sogno lo abbiamo realizzato, piace pensare che anche lui stia sognando.<\/p>\n<p>Gianluca e Mariangela<\/p>\n","protected":false},"excerpt":{"rendered":"<p>La passione ci guida e ci ha fatto fare un lungo viaggio. Un viaggio che dai grandi maestri del passato arriva alla &#8216;Pop Art&#8217;, arte popolare appunto, di cui il fumetto e le illustrazioni sono una importante espressione, riprodotta in migliaia di copie attraverso la stampa. Non tutti sanno che all&#8217;origine di quella pagina di [&hellip;]<\/p>\n","protected":false},"author":1,"featured_media":6757,"parent":0,"menu_order":0,"comment_status":"closed","ping_status":"closed","template":"","meta":{"footnotes":""},"class_list":["post-4869","page","type-page","status-publish","has-post-thumbnail","hentry"],"translation":{"provider":"WPGlobus","version":"3.0.2","language":"en","enabled_languages":["it","en"],"languages":{"it":{"title":true,"content":true,"excerpt":false},"en":{"title":true,"content":false,"excerpt":false}}},"_links":{"self":[{"href":"https:\/\/www.artefumetto.it\/en\/wp-json\/wp\/v2\/pages\/4869","targetHints":{"allow":["GET"]}}],"collection":[{"href":"https:\/\/www.artefumetto.it\/en\/wp-json\/wp\/v2\/pages"}],"about":[{"href":"https:\/\/www.artefumetto.it\/en\/wp-json\/wp\/v2\/types\/page"}],"author":[{"embeddable":true,"href":"https:\/\/www.artefumetto.it\/en\/wp-json\/wp\/v2\/users\/1"}],"replies":[{"embeddable":true,"href":"https:\/\/www.artefumetto.it\/en\/wp-json\/wp\/v2\/comments?post=4869"}],"version-history":[{"count":18,"href":"https:\/\/www.artefumetto.it\/en\/wp-json\/wp\/v2\/pages\/4869\/revisions"}],"predecessor-version":[{"id":6761,"href":"https:\/\/www.artefumetto.it\/en\/wp-json\/wp\/v2\/pages\/4869\/revisions\/6761"}],"wp:featuredmedia":[{"embeddable":true,"href":"https:\/\/www.artefumetto.it\/en\/wp-json\/wp\/v2\/media\/6757"}],"wp:attachment":[{"href":"https:\/\/www.artefumetto.it\/en\/wp-json\/wp\/v2\/media?parent=4869"}],"curies":[{"name":"wp","href":"https:\/\/api.w.org\/{rel}","templated":true}]}}